{"id":523,"date":"2021-12-01T15:19:10","date_gmt":"2021-12-01T14:19:10","guid":{"rendered":"https:\/\/matinal-cybersecurite.fr\/?page_id=523"},"modified":"2021-12-08T14:33:55","modified_gmt":"2021-12-08T13:33:55","slug":"mentions-legales","status":"publish","type":"page","link":"https:\/\/www.matinal.net\/cybersecurite\/index.php\/mentions-legales\/","title":{"rendered":"Mentions l\u00e9gales"},"content":{"rendered":"\t\t<div data-elementor-type=\"wp-page\" data-elementor-id=\"523\" class=\"elementor elementor-523\" data-elementor-settings=\"[]\">\n\t\t\t\t\t\t\t<div class=\"elementor-section-wrap\">\n\t\t\t\t\t\t\t<section class=\"elementor-section elementor-top-section elementor-element elementor-element-fbeb937 elementor-section-boxed elementor-section-height-default elementor-section-height-default\" data-id=\"fbeb937\" data-element_type=\"section\">\n\t\t\t\t\t\t<div class=\"elementor-container elementor-column-gap-default\">\n\t\t\t\t\t<div class=\"elementor-column elementor-col-100 elementor-top-column elementor-element elementor-element-c78cde8\" data-id=\"c78cde8\" data-element_type=\"column\">\n\t\t\t<div class=\"elementor-widget-wrap elementor-element-populated\">\n\t\t\t\t\t\t\t\t<div class=\"elementor-element elementor-element-88aad64 elementor-widget elementor-widget-spacer\" data-id=\"88aad64\" data-element_type=\"widget\" data-widget_type=\"spacer.default\">\n\t\t\t\t<div class=\"elementor-widget-container\">\n\t\t\t\t\t<div class=\"elementor-spacer\">\n\t\t\t<div class=\"elementor-spacer-inner\"><\/div>\n\t\t<\/div>\n\t\t\t\t<\/div>\n\t\t\t\t<\/div>\n\t\t\t\t\t<\/div>\n\t\t<\/div>\n\t\t\t\t\t\t\t<\/div>\n\t\t<\/section>\n\t\t\t\t<section class=\"elementor-section elementor-top-section elementor-element elementor-element-54f7fc6 elementor-section-boxed elementor-section-height-default elementor-section-height-default\" data-id=\"54f7fc6\" data-element_type=\"section\" data-settings=\"{&quot;background_background&quot;:&quot;classic&quot;}\">\n\t\t\t\t\t\t<div class=\"elementor-container elementor-column-gap-default\">\n\t\t\t\t\t<div class=\"elementor-column elementor-col-100 elementor-top-column elementor-element elementor-element-3d132e8\" data-id=\"3d132e8\" data-element_type=\"column\">\n\t\t\t<div class=\"elementor-widget-wrap elementor-element-populated\">\n\t\t\t\t\t\t\t\t<div class=\"elementor-element elementor-element-3529c5a elementor-widget elementor-widget-spacer\" data-id=\"3529c5a\" data-element_type=\"widget\" data-widget_type=\"spacer.default\">\n\t\t\t\t<div class=\"elementor-widget-container\">\n\t\t\t\t\t<div class=\"elementor-spacer\">\n\t\t\t<div class=\"elementor-spacer-inner\"><\/div>\n\t\t<\/div>\n\t\t\t\t<\/div>\n\t\t\t\t<\/div>\n\t\t\t\t<div class=\"elementor-element elementor-element-7a726c2 elementor-widget elementor-widget-heading\" data-id=\"7a726c2\" data-element_type=\"widget\" data-widget_type=\"heading.default\">\n\t\t\t\t<div class=\"elementor-widget-container\">\n\t\t\t<style>\/*! elementor - v3.5.5 - 03-02-2022 *\/\n.elementor-heading-title{padding:0;margin:0;line-height:1}.elementor-widget-heading .elementor-heading-title[class*=elementor-size-]>a{color:inherit;font-size:inherit;line-height:inherit}.elementor-widget-heading .elementor-heading-title.elementor-size-small{font-size:15px}.elementor-widget-heading .elementor-heading-title.elementor-size-medium{font-size:19px}.elementor-widget-heading .elementor-heading-title.elementor-size-large{font-size:29px}.elementor-widget-heading .elementor-heading-title.elementor-size-xl{font-size:39px}.elementor-widget-heading .elementor-heading-title.elementor-size-xxl{font-size:59px}<\/style><h2 class=\"elementor-heading-title elementor-size-default\"><b>Mentions l\u00e9gales<\/b><\/h2>\t\t<\/div>\n\t\t\t\t<\/div>\n\t\t\t\t<div class=\"elementor-element elementor-element-0480437 elementor-widget elementor-widget-spacer\" data-id=\"0480437\" data-element_type=\"widget\" data-widget_type=\"spacer.default\">\n\t\t\t\t<div class=\"elementor-widget-container\">\n\t\t\t\t\t<div class=\"elementor-spacer\">\n\t\t\t<div class=\"elementor-spacer-inner\"><\/div>\n\t\t<\/div>\n\t\t\t\t<\/div>\n\t\t\t\t<\/div>\n\t\t\t\t\t<\/div>\n\t\t<\/div>\n\t\t\t\t\t\t\t<\/div>\n\t\t<\/section>\n\t\t\t\t<section class=\"elementor-section elementor-top-section elementor-element elementor-element-70cd61f elementor-section-boxed elementor-section-height-default elementor-section-height-default\" data-id=\"70cd61f\" data-element_type=\"section\">\n\t\t\t\t\t\t<div class=\"elementor-container elementor-column-gap-default\">\n\t\t\t\t\t<div class=\"elementor-column elementor-col-100 elementor-top-column elementor-element elementor-element-a2a454e\" data-id=\"a2a454e\" data-element_type=\"column\">\n\t\t\t<div class=\"elementor-widget-wrap elementor-element-populated\">\n\t\t\t\t\t\t\t\t<div class=\"elementor-element elementor-element-29019af elementor-widget elementor-widget-spacer\" data-id=\"29019af\" data-element_type=\"widget\" data-widget_type=\"spacer.default\">\n\t\t\t\t<div class=\"elementor-widget-container\">\n\t\t\t\t\t<div class=\"elementor-spacer\">\n\t\t\t<div class=\"elementor-spacer-inner\"><\/div>\n\t\t<\/div>\n\t\t\t\t<\/div>\n\t\t\t\t<\/div>\n\t\t\t\t<div class=\"elementor-element elementor-element-f494724 elementor-widget elementor-widget-heading\" data-id=\"f494724\" data-element_type=\"widget\" data-widget_type=\"heading.default\">\n\t\t\t\t<div class=\"elementor-widget-container\">\n\t\t\t<h4 class=\"elementor-heading-title elementor-size-default\">Pr\u00e9ambule<\/h4>\t\t<\/div>\n\t\t\t\t<\/div>\n\t\t\t\t<div class=\"elementor-element elementor-element-b11d50d elementor-widget elementor-widget-text-editor\" data-id=\"b11d50d\" data-element_type=\"widget\" data-widget_type=\"text-editor.default\">\n\t\t\t\t<div class=\"elementor-widget-container\">\n\t\t\t<style>\/*! elementor - v3.5.5 - 03-02-2022 *\/\n.elementor-widget-text-editor.elementor-drop-cap-view-stacked .elementor-drop-cap{background-color:#818a91;color:#fff}.elementor-widget-text-editor.elementor-drop-cap-view-framed .elementor-drop-cap{color:#818a91;border:3px solid;background-color:transparent}.elementor-widget-text-editor:not(.elementor-drop-cap-view-default) .elementor-drop-cap{margin-top:8px}.elementor-widget-text-editor:not(.elementor-drop-cap-view-default) .elementor-drop-cap-letter{width:1em;height:1em}.elementor-widget-text-editor .elementor-drop-cap{float:left;text-align:center;line-height:1;font-size:50px}.elementor-widget-text-editor .elementor-drop-cap-letter{display:inline-block}<\/style>\t\t\t\t<p>Vous \u00eates actuellement connect\u00e9(e) sur le site <a href=\"http:\/\/matinal-cybersecurite.fr\">matinal-cybersecurite.fr<\/a> \u00e9dit\u00e9 par Matinal.\u00a0<br \/>L&rsquo;utilisateur d\u00e9clare avoir pris connaissance des informations ci-dessous avant la visite du site. En choisissant d&rsquo;acc\u00e9der au site, l&rsquo;utilisateur accepte express\u00e9ment et irr\u00e9vocablement, les termes ci-apr\u00e8s.<\/p>\t\t\t\t\t\t<\/div>\n\t\t\t\t<\/div>\n\t\t\t\t<div class=\"elementor-element elementor-element-1674624 elementor-widget elementor-widget-heading\" data-id=\"1674624\" data-element_type=\"widget\" data-widget_type=\"heading.default\">\n\t\t\t\t<div class=\"elementor-widget-container\">\n\t\t\t<h4 class=\"elementor-heading-title elementor-size-default\">\u00c9diteur<\/h4>\t\t<\/div>\n\t\t\t\t<\/div>\n\t\t\t\t<div class=\"elementor-element elementor-element-62f81bc elementor-widget elementor-widget-text-editor\" data-id=\"62f81bc\" data-element_type=\"widget\" data-widget_type=\"text-editor.default\">\n\t\t\t\t<div class=\"elementor-widget-container\">\n\t\t\t\t\t\t\t<p>\u2022 D\u00e9nomination sociale : Matinal, SARL au capital de 300 000\u20ac<br \/>\u2022 Si\u00e8ge social : 6 avenue du Coq &#8211; 75009 Paris &#8211; France<br \/>\u2022 Identification TVA : FR47514009737<br \/>\u2022 Directeur de la publication : Beno\u00eet Goblot, G\u00e9rant<\/p>\t\t\t\t\t\t<\/div>\n\t\t\t\t<\/div>\n\t\t\t\t<div class=\"elementor-element elementor-element-9279dc5 elementor-widget elementor-widget-heading\" data-id=\"9279dc5\" data-element_type=\"widget\" data-widget_type=\"heading.default\">\n\t\t\t\t<div class=\"elementor-widget-container\">\n\t\t\t<h4 class=\"elementor-heading-title elementor-size-default\">Cr\u00e9dits<\/h4>\t\t<\/div>\n\t\t\t\t<\/div>\n\t\t\t\t<div class=\"elementor-element elementor-element-47708f2 elementor-widget elementor-widget-text-editor\" data-id=\"47708f2\" data-element_type=\"widget\" data-widget_type=\"text-editor.default\">\n\t\t\t\t<div class=\"elementor-widget-container\">\n\t\t\t\t\t\t\t<p>Le site rend cr\u00e9dit \u00e0 :<br \/>\u2022 R\u00e9alisation du site internet : <a href=\"http:\/\/matinal.net\/\">Matinal<\/a> &#8211; Aur\u00e9lie Isaaz &#8211; <a href=\"https:\/\/melanie-vautier.fr\">M\u00e9lanie Vautier<\/a><br \/>\u2022\u00a0 Photos : \u00a9iStock<br \/>\u2022 H\u00e9bergement : Agircomweb &#8211; 64, rue Jean Longuet &#8211; 92290 Chatenay Malabry &#8211; France<\/p>\t\t\t\t\t\t<\/div>\n\t\t\t\t<\/div>\n\t\t\t\t<div class=\"elementor-element elementor-element-120e487 elementor-widget elementor-widget-heading\" data-id=\"120e487\" data-element_type=\"widget\" data-widget_type=\"heading.default\">\n\t\t\t\t<div class=\"elementor-widget-container\">\n\t\t\t<h4 class=\"elementor-heading-title elementor-size-default\">Droits d'auteur<\/h4>\t\t<\/div>\n\t\t\t\t<\/div>\n\t\t\t\t<div class=\"elementor-element elementor-element-f9d6840 elementor-widget elementor-widget-text-editor\" data-id=\"f9d6840\" data-element_type=\"widget\" data-widget_type=\"text-editor.default\">\n\t\t\t\t<div class=\"elementor-widget-container\">\n\t\t\t\t\t\t\t<p>Les photographies, textes, slogans, dessins, images, vid\u00e9os, s\u00e9quences anim\u00e9es sonores ou non ainsi que toutes les \u0153uvres int\u00e9gr\u00e9es dans le site sont la propri\u00e9t\u00e9 de Matinal. Les logos, ic\u00f4nes et puces graphiques repr\u00e9sent\u00e9s sur le site sont prot\u00e9g\u00e9s au titre des droits d&rsquo;auteur et des articles L.511.1 et suivants du Code de la Propri\u00e9t\u00e9 Intellectuelle relatifs \u00e0 la protection des mod\u00e8les d\u00e9pos\u00e9s. Les reproductions sur un support papier ou informatique, dudit site et des \u0153uvres qui y sont reproduites sont autoris\u00e9es sous r\u00e9serve qu&rsquo;elles soient strictement r\u00e9serv\u00e9es \u00e0 un usage personnel excluant tout usage \u00e0 des fins publicitaires et\/ou commerciales et\/ou d&rsquo;information et\/ou qu&rsquo;elles soient conformes aux dispositions de l&rsquo;article L.122- 5 du Code de la Propri\u00e9t\u00e9 Intellectuelle.<\/p><p>\u00c0 l&rsquo;exception des dispositions ci-dessus, toute reproduction, repr\u00e9sentation, utilisation o\u00f9 modification, par quelque proc\u00e9d\u00e9 que ce soit et sur quelque support que ce soit, de tout ou partie du site, de tout ou partie des diff\u00e9rentes \u0153uvres qui le composent, sans avoir obtenu l&rsquo;autorisation pr\u00e9alable de Matinal est strictement interdite et constitue un d\u00e9lit de contrefa\u00e7on et peut donner suite \u00e0 des poursuites judiciaires civiles et\/ou p\u00e9nales et au paiement de dommages et int\u00e9r\u00eats.<\/p>\t\t\t\t\t\t<\/div>\n\t\t\t\t<\/div>\n\t\t\t\t\t<\/div>\n\t\t<\/div>\n\t\t\t\t\t\t\t<\/div>\n\t\t<\/section>\n\t\t\t\t\t\t<\/div>\n\t\t\t\t\t<\/div>\n\t\t","protected":false},"excerpt":{"rendered":"<p>Mentions l\u00e9gales Pr\u00e9ambule Vous \u00eates actuellement connect\u00e9(e) sur le site matinal-cybersecurite.fr \u00e9dit\u00e9 par Matinal.\u00a0L&rsquo;utilisateur d\u00e9clare avoir pris connaissance des informations ci-dessous avant la visite du site. En choisissant d&rsquo;acc\u00e9der au site, l&rsquo;utilisateur accepte express\u00e9ment et irr\u00e9vocablement, les termes ci-apr\u00e8s. \u00c9diteur \u2022 D\u00e9nomination sociale : Matinal, SARL au capital de 300 000\u20ac\u2022 Si\u00e8ge social : 6 &hellip;<\/p>\n<p class=\"read-more\"> <a class=\"\" href=\"https:\/\/www.matinal.net\/cybersecurite\/index.php\/mentions-legales\/\"> <span class=\"screen-reader-text\">Mentions l\u00e9gales<\/span> Lire la suite\u00a0\u00bb<\/a><\/p>\n","protected":false},"author":1,"featured_media":0,"parent":0,"menu_order":0,"comment_status":"closed","ping_status":"closed","template":"","meta":{"site-sidebar-layout":"no-sidebar","site-content-layout":"page-builder","ast-main-header-display":"","ast-hfb-above-header-display":"","ast-hfb-below-header-display":"","ast-hfb-mobile-header-display":"","site-post-title":"disabled","ast-breadcrumbs-content":"","ast-featured-img":"disabled","footer-sml-layout":"","theme-transparent-header-meta":"","adv-header-id-meta":"","stick-header-meta":"","header-above-stick-meta":"","header-main-stick-meta":"","header-below-stick-meta":"","spay_email":"","footnotes":""},"class_list":["post-523","page","type-page","status-publish","hentry"],"yoast_head":"<!-- This site is optimized with the Yoast SEO plugin v18.1 - https:\/\/yoast.com\/wordpress\/plugins\/seo\/ -->\n<title>Mentions l\u00e9gales &ndash; Matinal Cybers\u00e9curit\u00e9<\/title>\n<meta name=\"robots\" content=\"index, follow, max-snippet:-1, max-image-preview:large, max-video-preview:-1\" \/>\n<link rel=\"canonical\" href=\"https:\/\/www.matinal.net\/cybersecurite\/index.php\/mentions-legales\/\" \/>\n<meta property=\"og:locale\" content=\"fr_FR\" \/>\n<meta property=\"og:type\" content=\"article\" \/>\n<meta property=\"og:title\" content=\"Mentions l\u00e9gales &ndash; Matinal Cybers\u00e9curit\u00e9\" \/>\n<meta property=\"og:description\" content=\"Mentions l\u00e9gales Pr\u00e9ambule Vous \u00eates actuellement connect\u00e9(e) sur le site matinal-cybersecurite.fr \u00e9dit\u00e9 par Matinal.\u00a0L&rsquo;utilisateur d\u00e9clare avoir pris connaissance des informations ci-dessous avant la visite du site. En choisissant d&rsquo;acc\u00e9der au site, l&rsquo;utilisateur accepte express\u00e9ment et irr\u00e9vocablement, les termes ci-apr\u00e8s. \u00c9diteur \u2022 D\u00e9nomination sociale : Matinal, SARL au capital de 300 000\u20ac\u2022 Si\u00e8ge social : 6 &hellip; Mentions l\u00e9gales Lire la suite\u00a0\u00bb\" \/>\n<meta property=\"og:url\" content=\"https:\/\/www.matinal.net\/cybersecurite\/index.php\/mentions-legales\/\" \/>\n<meta property=\"og:site_name\" content=\"Matinal Cybers\u00e9curit\u00e9\" \/>\n<meta property=\"article:modified_time\" content=\"2021-12-08T13:33:55+00:00\" \/>\n<meta name=\"twitter:card\" content=\"summary_large_image\" \/>\n<meta name=\"twitter:label1\" content=\"Dur\u00e9e de lecture estim\u00e9e\" \/>\n\t<meta name=\"twitter:data1\" content=\"2 minutes\" \/>\n<script type=\"application\/ld+json\" class=\"yoast-schema-graph\">{\"@context\":\"https:\/\/schema.org\",\"@graph\":[{\"@type\":\"Organization\",\"@id\":\"https:\/\/www.matinal.net\/cybersecurite\/#organization\",\"name\":\"Matinal Cybers\u00e9curit\u00e9\",\"url\":\"https:\/\/www.matinal.net\/cybersecurite\/\",\"sameAs\":[],\"logo\":{\"@type\":\"ImageObject\",\"@id\":\"https:\/\/www.matinal.net\/cybersecurite\/#logo\",\"inLanguage\":\"fr-FR\",\"url\":\"https:\/\/matinal-cybersecurite.fr\/wp-content\/uploads\/2021\/12\/Logo-Matinal-Cybersecurite-02.png\",\"contentUrl\":\"https:\/\/matinal-cybersecurite.fr\/wp-content\/uploads\/2021\/12\/Logo-Matinal-Cybersecurite-02.png\",\"width\":1182,\"height\":393,\"caption\":\"Matinal Cybers\u00e9curit\u00e9\"},\"image\":{\"@id\":\"https:\/\/www.matinal.net\/cybersecurite\/#logo\"}},{\"@type\":\"WebSite\",\"@id\":\"https:\/\/www.matinal.net\/cybersecurite\/#website\",\"url\":\"https:\/\/www.matinal.net\/cybersecurite\/\",\"name\":\"Matinal Cybers\u00e9curit\u00e9\",\"description\":\"\",\"publisher\":{\"@id\":\"https:\/\/www.matinal.net\/cybersecurite\/#organization\"},\"potentialAction\":[{\"@type\":\"SearchAction\",\"target\":{\"@type\":\"EntryPoint\",\"urlTemplate\":\"https:\/\/www.matinal.net\/cybersecurite\/?s={search_term_string}\"},\"query-input\":\"required name=search_term_string\"}],\"inLanguage\":\"fr-FR\"},{\"@type\":\"WebPage\",\"@id\":\"https:\/\/www.matinal.net\/cybersecurite\/index.php\/mentions-legales\/#webpage\",\"url\":\"https:\/\/www.matinal.net\/cybersecurite\/index.php\/mentions-legales\/\",\"name\":\"Mentions l\u00e9gales &ndash; Matinal Cybers\u00e9curit\u00e9\",\"isPartOf\":{\"@id\":\"https:\/\/www.matinal.net\/cybersecurite\/#website\"},\"datePublished\":\"2021-12-01T14:19:10+00:00\",\"dateModified\":\"2021-12-08T13:33:55+00:00\",\"breadcrumb\":{\"@id\":\"https:\/\/www.matinal.net\/cybersecurite\/index.php\/mentions-legales\/#breadcrumb\"},\"inLanguage\":\"fr-FR\",\"potentialAction\":[{\"@type\":\"ReadAction\",\"target\":[\"https:\/\/www.matinal.net\/cybersecurite\/index.php\/mentions-legales\/\"]}]},{\"@type\":\"BreadcrumbList\",\"@id\":\"https:\/\/www.matinal.net\/cybersecurite\/index.php\/mentions-legales\/#breadcrumb\",\"itemListElement\":[{\"@type\":\"ListItem\",\"position\":1,\"name\":\"Accueil\",\"item\":\"https:\/\/www.matinal.net\/cybersecurite\/\"},{\"@type\":\"ListItem\",\"position\":2,\"name\":\"Mentions l\u00e9gales\"}]}]}<\/script>\n<!-- \/ Yoast SEO plugin. -->","yoast_head_json":{"title":"Mentions l\u00e9gales &ndash; Matinal Cybers\u00e9curit\u00e9","robots":{"index":"index","follow":"follow","max-snippet":"max-snippet:-1","max-image-preview":"max-image-preview:large","max-video-preview":"max-video-preview:-1"},"canonical":"https:\/\/www.matinal.net\/cybersecurite\/index.php\/mentions-legales\/","og_locale":"fr_FR","og_type":"article","og_title":"Mentions l\u00e9gales &ndash; Matinal Cybers\u00e9curit\u00e9","og_description":"Mentions l\u00e9gales Pr\u00e9ambule Vous \u00eates actuellement connect\u00e9(e) sur le site matinal-cybersecurite.fr \u00e9dit\u00e9 par Matinal.\u00a0L&rsquo;utilisateur d\u00e9clare avoir pris connaissance des informations ci-dessous avant la visite du site. En choisissant d&rsquo;acc\u00e9der au site, l&rsquo;utilisateur accepte express\u00e9ment et irr\u00e9vocablement, les termes ci-apr\u00e8s. \u00c9diteur \u2022 D\u00e9nomination sociale : Matinal, SARL au capital de 300 000\u20ac\u2022 Si\u00e8ge social : 6 &hellip; Mentions l\u00e9gales Lire la suite\u00a0\u00bb","og_url":"https:\/\/www.matinal.net\/cybersecurite\/index.php\/mentions-legales\/","og_site_name":"Matinal Cybers\u00e9curit\u00e9","article_modified_time":"2021-12-08T13:33:55+00:00","twitter_card":"summary_large_image","twitter_misc":{"Dur\u00e9e de lecture estim\u00e9e":"2 minutes"},"schema":{"@context":"https:\/\/schema.org","@graph":[{"@type":"Organization","@id":"https:\/\/www.matinal.net\/cybersecurite\/#organization","name":"Matinal Cybers\u00e9curit\u00e9","url":"https:\/\/www.matinal.net\/cybersecurite\/","sameAs":[],"logo":{"@type":"ImageObject","@id":"https:\/\/www.matinal.net\/cybersecurite\/#logo","inLanguage":"fr-FR","url":"https:\/\/matinal-cybersecurite.fr\/wp-content\/uploads\/2021\/12\/Logo-Matinal-Cybersecurite-02.png","contentUrl":"https:\/\/matinal-cybersecurite.fr\/wp-content\/uploads\/2021\/12\/Logo-Matinal-Cybersecurite-02.png","width":1182,"height":393,"caption":"Matinal Cybers\u00e9curit\u00e9"},"image":{"@id":"https:\/\/www.matinal.net\/cybersecurite\/#logo"}},{"@type":"WebSite","@id":"https:\/\/www.matinal.net\/cybersecurite\/#website","url":"https:\/\/www.matinal.net\/cybersecurite\/","name":"Matinal Cybers\u00e9curit\u00e9","description":"","publisher":{"@id":"https:\/\/www.matinal.net\/cybersecurite\/#organization"},"potentialAction":[{"@type":"SearchAction","target":{"@type":"EntryPoint","urlTemplate":"https:\/\/www.matinal.net\/cybersecurite\/?s={search_term_string}"},"query-input":"required name=search_term_string"}],"inLanguage":"fr-FR"},{"@type":"WebPage","@id":"https:\/\/www.matinal.net\/cybersecurite\/index.php\/mentions-legales\/#webpage","url":"https:\/\/www.matinal.net\/cybersecurite\/index.php\/mentions-legales\/","name":"Mentions l\u00e9gales &ndash; Matinal Cybers\u00e9curit\u00e9","isPartOf":{"@id":"https:\/\/www.matinal.net\/cybersecurite\/#website"},"datePublished":"2021-12-01T14:19:10+00:00","dateModified":"2021-12-08T13:33:55+00:00","breadcrumb":{"@id":"https:\/\/www.matinal.net\/cybersecurite\/index.php\/mentions-legales\/#breadcrumb"},"inLanguage":"fr-FR","potentialAction":[{"@type":"ReadAction","target":["https:\/\/www.matinal.net\/cybersecurite\/index.php\/mentions-legales\/"]}]},{"@type":"BreadcrumbList","@id":"https:\/\/www.matinal.net\/cybersecurite\/index.php\/mentions-legales\/#breadcrumb","itemListElement":[{"@type":"ListItem","position":1,"name":"Accueil","item":"https:\/\/www.matinal.net\/cybersecurite\/"},{"@type":"ListItem","position":2,"name":"Mentions l\u00e9gales"}]}]}},"_links":{"self":[{"href":"https:\/\/www.matinal.net\/cybersecurite\/index.php\/wp-json\/wp\/v2\/pages\/523","targetHints":{"allow":["GET"]}}],"collection":[{"href":"https:\/\/www.matinal.net\/cybersecurite\/index.php\/wp-json\/wp\/v2\/pages"}],"about":[{"href":"https:\/\/www.matinal.net\/cybersecurite\/index.php\/wp-json\/wp\/v2\/types\/page"}],"author":[{"embeddable":true,"href":"https:\/\/www.matinal.net\/cybersecurite\/index.php\/wp-json\/wp\/v2\/users\/1"}],"replies":[{"embeddable":true,"href":"https:\/\/www.matinal.net\/cybersecurite\/index.php\/wp-json\/wp\/v2\/comments?post=523"}],"version-history":[{"count":7,"href":"https:\/\/www.matinal.net\/cybersecurite\/index.php\/wp-json\/wp\/v2\/pages\/523\/revisions"}],"predecessor-version":[{"id":551,"href":"https:\/\/www.matinal.net\/cybersecurite\/index.php\/wp-json\/wp\/v2\/pages\/523\/revisions\/551"}],"wp:attachment":[{"href":"https:\/\/www.matinal.net\/cybersecurite\/index.php\/wp-json\/wp\/v2\/media?parent=523"}],"curies":[{"name":"wp","href":"https:\/\/api.w.org\/{rel}","templated":true}]}}